{"id":223972,"date":"2021-02-10T22:24:31","date_gmt":"2021-02-10T22:24:31","guid":{"rendered":"https:\/\/demosdivi.lovelyconfetti.com\/vivienpro\/?page_id=223972"},"modified":"2026-02-20T07:20:50","modified_gmt":"2026-02-20T07:20:50","slug":"contact","status":"publish","type":"page","link":"https:\/\/aurellephotography.com\/en\/contact\/","title":{"rendered":"Contact"},"content":{"rendered":"<p>[et_pb_section fb_built=&#8221;1&#8243; module_class=&#8221;vivienpro_light_background&#8221; _builder_version=&#8221;4.24.2&#8243; _module_preset=&#8221;default&#8221; background_color=&#8221;#EDF000&#8243; background_image=&#8221;https:\/\/aurellephotography.com\/wp-content\/uploads\/2026\/02\/blanc.jpg&#8221; background_position=&#8221;top_center&#8221; custom_padding=&#8221;0px||24px|||&#8221; global_colors_info=&#8221;{}&#8221;][et_pb_row column_structure=&#8221;1_2,1_2&#8243; _builder_version=&#8221;4.24.2&#8243; _module_preset=&#8221;default&#8221; custom_padding=&#8221;39px|||||&#8221; global_colors_info=&#8221;{}&#8221;][et_pb_column type=&#8221;1_2&#8243; _builder_version=&#8221;4.24.2&#8243; _module_preset=&#8221;default&#8221; global_colors_info=&#8221;{}&#8221;][et_pb_image src=&#8221;https:\/\/aurellephotography.com\/wp-content\/uploads\/2026\/02\/contac.jpg&#8221; alt=&#8221;C\u00e9r\u00e9monie de mariage au Ch\u00e2teau de Nainville-les-Roches couple sous une arche fleurie entour\u00e9 de chaises en bois&#8221; title_text=&#8221;Mariage exterieur au Ch\u00e2teau de Nainville-les-Roches&#8221; _builder_version=&#8221;4.24.2&#8243; _module_preset=&#8221;default&#8221; global_colors_info=&#8221;{}&#8221;][\/et_pb_image][\/et_pb_column][et_pb_column type=&#8221;1_2&#8243; _builder_version=&#8221;4.16&#8243; _module_preset=&#8221;default&#8221; background_enable_image=&#8221;off&#8221; global_colors_info=&#8221;{}&#8221;][et_pb_text _builder_version=&#8221;4.24.2&#8243; _module_preset=&#8221;default&#8221; text_text_color=&#8221;#9d8a46&#8243; text_font_size=&#8221;12px&#8221; text_letter_spacing=&#8221;2px&#8221; text_line_height=&#8221;2.4em&#8221; header_2_line_height=&#8221;1.3em&#8221; background_enable_color=&#8221;off&#8221; text_orientation=&#8221;center&#8221; custom_margin=&#8221;||0px||false|false&#8221; custom_margin_tablet=&#8221;|0%||0%|false|true&#8221; custom_margin_phone=&#8221;&#8221; custom_margin_last_edited=&#8221;on|tablet&#8221; custom_padding=&#8221;|||27px||&#8221; global_colors_info=&#8221;{}&#8221;]<\/p>\n<p style=\"text-align: left;\"><strong>PRISE DE CONTACT<\/strong><\/p>\n<h3 style=\"text-align: left;\"><strong>ECRIVONS VOTRE HISTOIRE<\/strong><\/h3>\n<p>[\/et_pb_text][et_pb_text _builder_version=&#8221;4.24.2&#8243; _module_preset=&#8221;default&#8221; text_line_height=&#8221;2em&#8221; text_orientation=&#8221;justified&#8221; min_height=&#8221;41px&#8221; custom_margin=&#8221;||11px|||&#8221; custom_padding=&#8221;13px||21px|29px||&#8221; text_orientation_tablet=&#8221;center&#8221; text_orientation_phone=&#8221;&#8221; text_orientation_last_edited=&#8221;on|tablet&#8221; global_colors_info=&#8221;{}&#8221;]<\/p>\n<p style=\"text-align: left;\">Si mon univers r\u00e9sonne avec le v\u00f4tre, je vous invite \u00e0 me partager ci-dessous la vision de votre mariage et les d\u00e9tails de votre c\u00e9l\u00e9bration. Je vous r\u00e9pondrai personnellement sous 48 heures. En soumettant ce formulaire, vous acceptez que les informations renseign\u00e9es soient utilis\u00e9es dans le cadre de la prise de contact et, le cas \u00e9ch\u00e9ant, pour la gestion de la relation commerciale qui pourrait en d\u00e9couler.<\/p>\n<p>[\/et_pb_text][et_pb_contact_form email=&#8221;aurelle.arber@gmail.com&#8221; _builder_version=&#8221;4.24.2&#8243; _module_preset=&#8221;default&#8221; _unique_id=&#8221;88f46017-2868-4d9e-8fcd-07801a4306ec&#8221; form_field_background_color=&#8221;#FFFFFF&#8221; form_field_text_color=&#8221;#000000&#8243; form_field_font=&#8221;|||on|||||&#8221; form_field_font_size=&#8221;11px&#8221; form_field_letter_spacing=&#8221;1px&#8221; background_color=&#8221;#FFFFFF&#8221; custom_margin=&#8221;-14px|||-0.5%|false|false&#8221; custom_padding=&#8221;3%|9.7%|1.5%|9.7%|false|true&#8221; hover_enabled=&#8221;0&#8243; border_width_all=&#8221;1px&#8221; global_colors_info=&#8221;{}&#8221; sticky_enabled=&#8221;0&#8243;][et_pb_contact_field field_id=&#8221;Nom&#8221; field_title=&#8221;Nom&#8221; _builder_version=&#8221;4.24.2&#8243; global_colors_info=&#8221;{}&#8221; button_text_size__hover_enabled=&#8221;off&#8221; button_one_text_size__hover_enabled=&#8221;off&#8221; button_two_text_size__hover_enabled=&#8221;off&#8221; button_text_color__hover_enabled=&#8221;off&#8221; button_one_text_color__hover_enabled=&#8221;off&#8221; button_two_text_color__hover_enabled=&#8221;off&#8221; button_border_width__hover_enabled=&#8221;off&#8221; button_one_border_width__hover_enabled=&#8221;off&#8221; button_two_border_width__hover_enabled=&#8221;off&#8221; button_border_color__hover_enabled=&#8221;off&#8221; button_one_border_color__hover_enabled=&#8221;off&#8221; button_two_border_color__hover_enabled=&#8221;off&#8221; button_border_radius__hover_enabled=&#8221;off&#8221; button_one_border_radius__hover_enabled=&#8221;off&#8221; button_two_border_radius__hover_enabled=&#8221;off&#8221; button_letter_spacing__hover_enabled=&#8221;off&#8221; button_one_letter_spacing__hover_enabled=&#8221;off&#8221; button_two_letter_spacing__hover_enabled=&#8221;off&#8221; button_bg_color__hover_enabled=&#8221;off&#8221; button_one_bg_color__hover_enabled=&#8221;off&#8221; button_two_bg_color__hover_enabled=&#8221;off&#8221;][\/et_pb_contact_field][et_pb_contact_field field_id=&#8221;Email&#8221; field_title=&#8221;Email&#8221; field_type=&#8221;email&#8221; _builder_version=&#8221;4.24.2&#8243; global_colors_info=&#8221;{}&#8221; button_text_size__hover_enabled=&#8221;off&#8221; button_one_text_size__hover_enabled=&#8221;off&#8221; button_two_text_size__hover_enabled=&#8221;off&#8221; button_text_color__hover_enabled=&#8221;off&#8221; button_one_text_color__hover_enabled=&#8221;off&#8221; button_two_text_color__hover_enabled=&#8221;off&#8221; button_border_width__hover_enabled=&#8221;off&#8221; button_one_border_width__hover_enabled=&#8221;off&#8221; button_two_border_width__hover_enabled=&#8221;off&#8221; button_border_color__hover_enabled=&#8221;off&#8221; button_one_border_color__hover_enabled=&#8221;off&#8221; button_two_border_color__hover_enabled=&#8221;off&#8221; button_border_radius__hover_enabled=&#8221;off&#8221; button_one_border_radius__hover_enabled=&#8221;off&#8221; button_two_border_radius__hover_enabled=&#8221;off&#8221; button_letter_spacing__hover_enabled=&#8221;off&#8221; button_one_letter_spacing__hover_enabled=&#8221;off&#8221; button_two_letter_spacing__hover_enabled=&#8221;off&#8221; button_bg_color__hover_enabled=&#8221;off&#8221; button_one_bg_color__hover_enabled=&#8221;off&#8221; button_two_bg_color__hover_enabled=&#8221;off&#8221;][\/et_pb_contact_field][et_pb_contact_field field_id=&#8221;Num\u00e9ro_de_tel&#8221; field_title=&#8221;TEL&#8221; fullwidth_field=&#8221;on&#8221; _builder_version=&#8221;4.24.2&#8243; _module_preset=&#8221;default&#8221; global_colors_info=&#8221;{}&#8221;][\/et_pb_contact_field][et_pb_contact_field field_id=&#8221;Choose_your_plan&#8221; field_title=&#8221;Sujet&#8221; field_type=&#8221;select&#8221; select_options=&#8221;%91{%22value%22:%22Mariage%22,%22checked%22:0,%22dragID%22:-1},{%22value%22:%22S\u00e9ance de couple%22,%22checked%22:0,%22dragID%22:0},{%22value%22:%22Autre%22,%22checked%22:0,%22dragID%22:1}%93&#8243; fullwidth_field=&#8221;on&#8221; _builder_version=&#8221;4.24.2&#8243; _module_preset=&#8221;default&#8221; global_colors_info=&#8221;{}&#8221;][\/et_pb_contact_field][et_pb_contact_field field_id=&#8221;Date&#8221; field_title=&#8221;Date de votre \u00e9v\u00e8nement&#8221; fullwidth_field=&#8221;on&#8221; _builder_version=&#8221;4.24.2&#8243; _module_preset=&#8221;default&#8221; global_colors_info=&#8221;{}&#8221;][\/et_pb_contact_field][et_pb_contact_field field_id=&#8221;Lieu&#8221; field_title=&#8221;Lieu de votre \u00e9v\u00e8nement&#8221; fullwidth_field=&#8221;on&#8221; _builder_version=&#8221;4.24.2&#8243; _module_preset=&#8221;default&#8221; hover_enabled=&#8221;0&#8243; global_colors_info=&#8221;{}&#8221; sticky_enabled=&#8221;0&#8243;][\/et_pb_contact_field][et_pb_contact_field field_id=&#8221;Options&#8221; field_title=&#8221;Options&#8221; field_type=&#8221;select&#8221; select_options=&#8221;%91{%22value%22:%22Photo%22,%22checked%22:0,%22dragID%22:-1},{%22value%22:%22Photo + Vid\u00e9o%22,%22checked%22:0,%22dragID%22:1}%93&#8243; fullwidth_field=&#8221;on&#8221; _builder_version=&#8221;4.24.2&#8243; _module_preset=&#8221;default&#8221; global_colors_info=&#8221;{}&#8221;][\/et_pb_contact_field][et_pb_contact_field field_id=&#8221;Budget&#8221; field_title=&#8221;Budget&#8221; fullwidth_field=&#8221;on&#8221; _builder_version=&#8221;4.24.2&#8243; _module_preset=&#8221;default&#8221; hover_enabled=&#8221;0&#8243; global_colors_info=&#8221;{}&#8221; sticky_enabled=&#8221;0&#8243;][\/et_pb_contact_field][et_pb_contact_field field_id=&#8221;Message&#8221; field_title=&#8221;Message&#8221; field_type=&#8221;text&#8221; fullwidth_field=&#8221;on&#8221; _builder_version=&#8221;4.16&#8243; global_colors_info=&#8221;{}&#8221; button_text_size__hover_enabled=&#8221;off&#8221; button_one_text_size__hover_enabled=&#8221;off&#8221; button_two_text_size__hover_enabled=&#8221;off&#8221; button_text_color__hover_enabled=&#8221;off&#8221; button_one_text_color__hover_enabled=&#8221;off&#8221; button_two_text_color__hover_enabled=&#8221;off&#8221; button_border_width__hover_enabled=&#8221;off&#8221; button_one_border_width__hover_enabled=&#8221;off&#8221; button_two_border_width__hover_enabled=&#8221;off&#8221; button_border_color__hover_enabled=&#8221;off&#8221; button_one_border_color__hover_enabled=&#8221;off&#8221; button_two_border_color__hover_enabled=&#8221;off&#8221; button_border_radius__hover_enabled=&#8221;off&#8221; button_one_border_radius__hover_enabled=&#8221;off&#8221; button_two_border_radius__hover_enabled=&#8221;off&#8221; button_letter_spacing__hover_enabled=&#8221;off&#8221; button_one_letter_spacing__hover_enabled=&#8221;off&#8221; button_two_letter_spacing__hover_enabled=&#8221;off&#8221; button_bg_color__hover_enabled=&#8221;off&#8221; button_one_bg_color__hover_enabled=&#8221;off&#8221; button_two_bg_color__hover_enabled=&#8221;off&#8221;][\/et_pb_contact_field][et_pb_contact_field field_id=&#8221;Moi&#8221; field_title=&#8221;Comment m&#8217;avez-vous connu ?&#8221; fullwidth_field=&#8221;on&#8221; _builder_version=&#8221;4.24.2&#8243; _module_preset=&#8221;default&#8221; global_colors_info=&#8221;{}&#8221;][\/et_pb_contact_field][\/et_pb_contact_form][\/et_pb_column][\/et_pb_row][\/et_pb_section][et_pb_section fb_built=&#8221;1&#8243; module_class=&#8221;vivienpro_dark_background&#8221; _builder_version=&#8221;4.16&#8243; _module_preset=&#8221;default&#8221; background_color=&#8221;#393e34&#8243; background_image=&#8221;https:\/\/aurellephotography.com\/wp-content\/uploads\/2021\/06\/VivienPro-Hero10-1-scaled-1.jpg&#8221; background_blend=&#8221;multiply&#8221; custom_margin=&#8221;-10px||-2px|||&#8221; custom_padding=&#8221;0px||0px|||&#8221; global_colors_info=&#8221;{}&#8221;][et_pb_row column_structure=&#8221;1_2,1_2&#8243; _builder_version=&#8221;4.16&#8243; _module_preset=&#8221;default&#8221; global_colors_info=&#8221;{}&#8221;][et_pb_column type=&#8221;1_2&#8243; _builder_version=&#8221;4.16&#8243; _module_preset=&#8221;default&#8221; global_colors_info=&#8221;{}&#8221;][et_pb_blurb title=&#8221;Contactez-moi&#8221; use_icon=&#8221;on&#8221; font_icon=&#8221;&#xe010;||divi||400&#8243; icon_color=&#8221;#FFFFFF&#8221; image_icon_width=&#8221;30px&#8221; _builder_version=&#8221;4.16&#8243; _module_preset=&#8221;default&#8221; header_level=&#8221;h3&#8243; header_text_align=&#8221;center&#8221; header_font_size=&#8221;24px&#8221; body_font_size=&#8221;12px&#8221; body_letter_spacing=&#8221;1px&#8221; text_orientation=&#8221;center&#8221; background_layout=&#8221;dark&#8221; icon_font_size=&#8221;30px&#8221; global_colors_info=&#8221;{}&#8221;]<\/p>\n<p>aurelle.arber@gmail.com<\/p>\n<p>[\/et_pb_blurb][\/et_pb_column][et_pb_column type=&#8221;1_2&#8243; _builder_version=&#8221;4.16&#8243; _module_preset=&#8221;default&#8221; global_colors_info=&#8221;{}&#8221;][et_pb_blurb title=&#8221;Mon emplacement&#8221; use_icon=&#8221;on&#8221; font_icon=&#8221;&#xe01d;||divi||400&#8243; icon_color=&#8221;#FFFFFF&#8221; image_icon_width=&#8221;30px&#8221; _builder_version=&#8221;4.24.2&#8243; _module_preset=&#8221;default&#8221; header_level=&#8221;h3&#8243; header_text_align=&#8221;center&#8221; header_font_size=&#8221;24px&#8221; body_font_size=&#8221;12px&#8221; body_letter_spacing=&#8221;1px&#8221; text_orientation=&#8221;center&#8221; background_layout=&#8221;dark&#8221; border_width_right=&#8221;1px&#8221; border_color_right=&#8221;#FFFFFF&#8221; border_width_left=&#8221;1px&#8221; border_color_left=&#8221;#FFFFFF&#8221; border_width_right_tablet=&#8221;0px&#8221; border_width_right_phone=&#8221;&#8221; border_width_right_last_edited=&#8221;on|tablet&#8221; border_width_left_tablet=&#8221;0px&#8221; border_width_left_phone=&#8221;&#8221; border_width_left_last_edited=&#8221;on|desktop&#8221; icon_font_size=&#8221;30px&#8221; global_colors_info=&#8221;{}&#8221;]<\/p>\n<p>Paris, France<\/p>\n<p>[\/et_pb_blurb][\/et_pb_column][\/et_pb_row][\/et_pb_section][et_pb_section fb_built=&#8221;1&#8243; module_class=&#8221;vivienpro_questions&#8221; _builder_version=&#8221;4.16&#8243; _module_preset=&#8221;default&#8221; background_color=&#8221;RGBA(0,0,0,0)&#8221; custom_margin=&#8221;||-4px||false|false&#8221; custom_padding=&#8221;0px||0px|||&#8221; global_colors_info=&#8221;{}&#8221;][et_pb_row _builder_version=&#8221;4.16&#8243; _module_preset=&#8221;default&#8221; min_height=&#8221;116.4px&#8221; custom_padding=&#8221;40px||2px|||&#8221; global_colors_info=&#8221;{}&#8221;][et_pb_column type=&#8221;4_4&#8243; _builder_version=&#8221;4.16&#8243; _module_preset=&#8221;default&#8221; global_colors_info=&#8221;{}&#8221;][et_pb_text _builder_version=&#8221;4.24.2&#8243; _module_preset=&#8221;default&#8221; text_text_color=&#8221;#9d8a46&#8243; text_font_size=&#8221;12px&#8221; text_letter_spacing=&#8221;1px&#8221; text_line_height=&#8221;1.9em&#8221; header_2_text_align=&#8221;center&#8221; header_2_font_size=&#8221;28px&#8221; header_2_letter_spacing=&#8221;1px&#8221; header_2_line_height=&#8221;1.2em&#8221; text_orientation=&#8221;center&#8221; global_colors_info=&#8221;{}&#8221;]<\/p>\n<p><strong>ALLER PLUS LOIN<\/strong><\/p>\n<h2>FAQ<\/h2>\n<p>[\/et_pb_text][\/et_pb_column][\/et_pb_row][et_pb_row _builder_version=&#8221;4.24.2&#8243; _module_preset=&#8221;default&#8221; global_colors_info=&#8221;{}&#8221;][et_pb_column type=&#8221;4_4&#8243; _builder_version=&#8221;4.24.2&#8243; _module_preset=&#8221;default&#8221; global_colors_info=&#8221;{}&#8221;][et_pb_accordion _builder_version=&#8221;4.24.2&#8243; _module_preset=&#8221;default&#8221; custom_margin=&#8221;-23px|||||&#8221; global_colors_info=&#8221;{}&#8221;][et_pb_accordion_item title=&#8221;Quels services proposez-vous ?&#8221; open=&#8221;on&#8221; _builder_version=&#8221;4.24.2&#8243; _module_preset=&#8221;default&#8221; global_colors_info=&#8221;{}&#8221; toggle_level=&#8221;h3&#8243;]<\/p>\n<p data-start=\"361\" data-end=\"630\">Je suis sp\u00e9cialis\u00e9e dans la photographie de mariage en France et en Europe. J\u2019accompagne aussi bien des mariages civils que les c\u00e9l\u00e9brations d\u2019exception en ch\u00e2teau, en h\u00f4tel ou dans des domaines priv\u00e9s.<\/p>\n<p data-start=\"632\" data-end=\"955\">Je r\u00e9alise \u00e9galement des s\u00e9ances photo pour les couples qui souhaitent annoncer leur union ou simplement c\u00e9l\u00e9brer leur histoire, ainsi que des portraits dans Paris ou en studio.<\/p>\n<p>[\/et_pb_accordion_item][et_pb_accordion_item title=&#8221;Vous d\u00e9placez-vous en dehors de Paris ?&#8221; _builder_version=&#8221;4.24.2&#8243; _module_preset=&#8221;default&#8221; global_colors_info=&#8221;{}&#8221; toggle_level=&#8221;h3&#8243; open=&#8221;off&#8221;]<\/p>\n<p>Je me d\u00e9place l\u00e0 o\u00f9 votre histoire s\u2019\u00e9crit. Les frais de d\u00e9placement sont \u00e9tudi\u00e9s avec pr\u00e9cision et int\u00e9gr\u00e9s de mani\u00e8re transparente \u00e0 votre proposition personnalis\u00e9e.<\/p>\n<p>[\/et_pb_accordion_item][et_pb_accordion_item title=&#8221;Que comprennent vos collections mariage ?&#8221; _builder_version=&#8221;4.24.2&#8243; _module_preset=&#8221;default&#8221; global_colors_info=&#8221;{}&#8221; toggle_level=&#8221;h3&#8243; open=&#8221;off&#8221;]<\/p>\n<p data-start=\"2610\" data-end=\"2823\">Mes collections de photographie de mariage sont modulables et s\u2019adaptent \u00e0 la nature de votre c\u00e9l\u00e9bration, qu\u2019il s\u2019agisse d\u2019un mariage civil intimiste ou d\u2019un reportage complet des pr\u00e9paratifs jusqu\u2019\u00e0 la soir\u00e9e.<\/p>\n<p data-start=\"2825\" data-end=\"3298\">Elles incluent un accompagnement personnalis\u00e9 en amont, la couverture photographique le jour J, une s\u00e9lection d\u2019images haute d\u00e9finition soigneusement retouch\u00e9es et une galerie priv\u00e9e s\u00e9curis\u00e9e. Selon la collection choisie, un coffret \u00e9l\u00e9gant comprenant une cl\u00e9 USB et des tirages peut \u00e9galement \u00eatre inclus. Des options telles qu\u2019une s\u00e9ance pre-wedding, une couverture sur plusieurs jours ou un album artisanal fabriqu\u00e9 en France peuvent enrichir votre exp\u00e9rience.<\/p>\n<p>[\/et_pb_accordion_item][et_pb_accordion_item title=&#8221;Quels sont les d\u00e9lais de livraison ?&#8221; _builder_version=&#8221;4.24.2&#8243; _module_preset=&#8221;default&#8221; global_colors_info=&#8221;{}&#8221; toggle_level=&#8221;h3&#8243; open=&#8221;off&#8221;]<\/p>\n<p data-start=\"1555\" data-end=\"1678\">Chaque image fait l\u2019objet d\u2019un travail d\u2019\u00e9dition minutieux afin de garantir une signature visuelle coh\u00e9rente et \u00e9l\u00e9gante.<\/p>\n<p data-start=\"1680\" data-end=\"2028\">Les s\u00e9ances engagement et portraits sont g\u00e9n\u00e9ralement livr\u00e9s sous 2 semaines. Les reportages de mariage, quant \u00e0 eux, n\u00e9cessitent en moyenne 4 semaines, afin d\u2019assurer une s\u00e9lection exigeante et une retouche soign\u00e9e. Les images sont mises \u00e0 disposition via une galerie priv\u00e9e en ligne, s\u00e9curis\u00e9e et accessible pendant plusieurs mois.<\/p>\n<p>[\/et_pb_accordion_item][et_pb_accordion_item title=&#8221;Faut-il pr\u00e9voir un second photographe ?&#8221; _builder_version=&#8221;4.24.2&#8243; _module_preset=&#8221;default&#8221; global_colors_info=&#8221;{}&#8221; toggle_level=&#8221;h3&#8243; open=&#8221;off&#8221;]<\/p>\n<p data-start=\"2079\" data-end=\"2402\">Pour les mariages r\u00e9unissant un grand nombre d\u2019invit\u00e9s (plus de 100 invit\u00e9s) ou comportant plusieurs temps forts simultan\u00e9s, la pr\u00e9sence d\u2019un second photographe est souvent recommand\u00e9e. Elle permet de capturer diff\u00e9rents points de vue, de couvrir les pr\u00e9paratifs parall\u00e8les et d\u2019assurer une vision plus compl\u00e8te de l\u2019atmosph\u00e8re et des invit\u00e9s.<\/p>\n<p data-start=\"2404\" data-end=\"2557\">Je collabore exclusivement avec une s\u00e9lection restreinte de photographes professionnels partageant la m\u00eame exigence esth\u00e9tique et le m\u00eame sens du d\u00e9tail.<\/p>\n<p>[\/et_pb_accordion_item][et_pb_accordion_item title=&#8221;Quels sont vos tarifs ?&#8221; _builder_version=&#8221;4.24.2&#8243; _module_preset=&#8221;default&#8221; global_colors_info=&#8221;{}&#8221; toggle_level=&#8221;h3&#8243; open=&#8221;off&#8221;]<\/p>\n<p data-start=\"4217\" data-end=\"4484\">Mes services sont enti\u00e8rement personnalis\u00e9es en fonction de votre projet, du lieu et de la couverture souhait\u00e9e. Les exp\u00e9riences pour une journ\u00e9e compl\u00e8te de mariage d\u00e9butent \u00e0 partir de 1 500\u20ac.\u00a0Les s\u00e9ances portrait d\u00e9butent \u00e0 90\u20ac par personne. Je vous invite \u00e0 me partager votre projet afin que je vous adresse une proposition sur-mesure, fid\u00e8le \u00e0 vos attentes.<\/p>\n<p>[\/et_pb_accordion_item][et_pb_accordion_item title=&#8221;Comment r\u00e9server votre date ?&#8221; _builder_version=&#8221;4.24.2&#8243; _module_preset=&#8221;default&#8221; global_colors_info=&#8221;{}&#8221; toggle_level=&#8221;h3&#8243; open=&#8221;off&#8221;]<\/p>\n<p data-start=\"3339\" data-end=\"3655\">La r\u00e9servation d\u00e9bute par une prise de contact via le formulaire du site, suivie d\u2019un \u00e9change personnalis\u00e9 en visio ou par t\u00e9l\u00e9phone afin de comprendre votre vision et les sp\u00e9cificit\u00e9s de votre projet. La signature du contrat et le versement d\u2019un acompte permettent ensuite de confirmer officiellement votre date.<\/p>\n<p data-start=\"3657\" data-end=\"3822\">Je limite volontairement le nombre de mariages que j\u2019accepte chaque ann\u00e9e afin de garantir un accompagnement attentif et une disponibilit\u00e9 r\u00e9elle pour chaque couple.<\/p>\n<p>[\/et_pb_accordion_item][et_pb_accordion_item title=&#8221;La confidentialit\u00e9 est-elle assur\u00e9e ?&#8221; _builder_version=&#8221;4.24.2&#8243; _module_preset=&#8221;default&#8221; global_colors_info=&#8221;{}&#8221; toggle_level=&#8221;h3&#8243; open=&#8221;off&#8221;]<\/p>\n<p data-start=\"3871\" data-end=\"4186\">La discr\u00e9tion fait partie int\u00e9grante de mon approche. Les galeries sont priv\u00e9es et prot\u00e9g\u00e9es par mot de passe. Une clause de confidentialit\u00e9 peut \u00eatre int\u00e9gr\u00e9e au contrat pour les couples souhaitant pr\u00e9server leur vie priv\u00e9e ou limiter toute diffusion publique.<\/p>\n<p>[\/et_pb_accordion_item][et_pb_accordion_item title=&#8221;\u00cates-vous assur\u00e9e ?&#8221; _builder_version=&#8221;4.24.2&#8243; _module_preset=&#8221;default&#8221; global_colors_info=&#8221;{}&#8221; toggle_level=&#8221;h3&#8243; open=&#8221;off&#8221;]<\/p>\n<p data-start=\"4217\" data-end=\"4484\">Oui. Je dispose d\u2019une assurance Responsabilit\u00e9 Civile Professionnelle ainsi que d\u2019une couverture compl\u00e8te pour mon mat\u00e9riel. Chaque reportage est r\u00e9alis\u00e9 avec un \u00e9quipement professionnel s\u00e9curis\u00e9 et des syst\u00e8mes de sauvegarde garantissant la protection de vos images.<\/p>\n<p>[\/et_pb_accordion_item][\/et_pb_accordion][\/et_pb_column][\/et_pb_row][\/et_pb_section][et_pb_section fb_built=&#8221;1&#8243; fullwidth=&#8221;on&#8221; _builder_version=&#8221;4.24.2&#8243; _module_preset=&#8221;default&#8221; global_colors_info=&#8221;{}&#8221;][et_pb_fullwidth_image src=&#8221;https:\/\/aurellephotography.com\/wp-content\/uploads\/2026\/02\/long.jpg&#8221; alt=&#8221;Gros plan des mains enlac\u00e9es des mari\u00e9s \u2013 moment intime et symbolique lors d&#8217;un mariage&#8221; title_text=&#8221;D\u00e9tail intime \u2013 mains des mari\u00e9s&#8221; _builder_version=&#8221;4.24.2&#8243; _module_preset=&#8221;default&#8221; custom_margin=&#8221;36px|||||&#8221; global_colors_info=&#8221;{}&#8221;][\/et_pb_fullwidth_image][\/et_pb_section]<\/p>\n","protected":false},"excerpt":{"rendered":"<p>PRISE DE CONTACT ECRIVONS VOTRE HISTOIRESi mon univers r\u00e9sonne avec le v\u00f4tre, je vous invite \u00e0 me partager ci-dessous la vision de votre mariage et les d\u00e9tails de votre c\u00e9l\u00e9bration. Je vous r\u00e9pondrai personnellement sous 48 heures. En soumettant ce formulaire, vous acceptez que les informations renseign\u00e9es soient utilis\u00e9es dans le cadre de la prise [&hellip;]<\/p>\n","protected":false},"author":1,"featured_media":0,"parent":0,"menu_order":0,"comment_status":"closed","ping_status":"closed","template":"","meta":{"nf_dc_page":"","_et_pb_use_builder":"on","_et_pb_old_content":"","_et_gb_content_width":"","footnotes":""},"class_list":["post-223972","page","type-page","status-publish","hentry"],"aioseo_notices":[],"_links":{"self":[{"href":"https:\/\/aurellephotography.com\/en\/wp-json\/wp\/v2\/pages\/223972","targetHints":{"allow":["GET"]}}],"collection":[{"href":"https:\/\/aurellephotography.com\/en\/wp-json\/wp\/v2\/pages"}],"about":[{"href":"https:\/\/aurellephotography.com\/en\/wp-json\/wp\/v2\/types\/page"}],"author":[{"embeddable":true,"href":"https:\/\/aurellephotography.com\/en\/wp-json\/wp\/v2\/users\/1"}],"replies":[{"embeddable":true,"href":"https:\/\/aurellephotography.com\/en\/wp-json\/wp\/v2\/comments?post=223972"}],"version-history":[{"count":20,"href":"https:\/\/aurellephotography.com\/en\/wp-json\/wp\/v2\/pages\/223972\/revisions"}],"predecessor-version":[{"id":230937,"href":"https:\/\/aurellephotography.com\/en\/wp-json\/wp\/v2\/pages\/223972\/revisions\/230937"}],"wp:attachment":[{"href":"https:\/\/aurellephotography.com\/en\/wp-json\/wp\/v2\/media?parent=223972"}],"curies":[{"name":"wp","href":"https:\/\/api.w.org\/{rel}","templated":true}]}}