{"id":223978,"date":"2025-08-19T12:52:20","date_gmt":"2025-08-19T12:52:20","guid":{"rendered":"https:\/\/demosdivi.lovelyconfetti.com\/vivienpro\/?page_id=223978"},"modified":"2026-02-19T15:18:30","modified_gmt":"2026-02-19T15:18:30","slug":"suivez-aurelle-photographe-mariage-portraits-a-paris-conseils-inspirations-et-idees-pour-sublimer-vos-souvenirs-dans-la-capitale","status":"publish","type":"page","link":"https:\/\/aurellephotography.com\/en\/suivez-aurelle-photographe-mariage-portraits-a-paris-conseils-inspirations-et-idees-pour-sublimer-vos-souvenirs-dans-la-capitale\/","title":{"rendered":"Blog"},"content":{"rendered":"<p>[et_pb_section fb_built=&#8221;1&#8243; _builder_version=&#8221;4.16&#8243; _module_preset=&#8221;default&#8221; global_colors_info=&#8221;{}&#8221;][et_pb_row column_structure=&#8221;3_4,1_4&#8243; use_custom_gutter=&#8221;on&#8221; make_equal=&#8221;on&#8221; _builder_version=&#8221;4.16&#8243; _module_preset=&#8221;default&#8221; global_colors_info=&#8221;{}&#8221;][et_pb_column type=&#8221;3_4&#8243; _builder_version=&#8221;4.16&#8243; _module_preset=&#8221;default&#8221; custom_padding=&#8221;|30px|||false|false&#8221; custom_padding_tablet=&#8221;|0px|||false|false&#8221; custom_padding_phone=&#8221;&#8221; custom_padding_last_edited=&#8221;on|tablet&#8221; global_colors_info=&#8221;{}&#8221;][et_pb_text _builder_version=&#8221;4.16&#8243; _module_preset=&#8221;default&#8221; global_colors_info=&#8221;{}&#8221;][\/et_pb_text][et_pb_blog posts_number=&#8221;5&#8243; include_categories=&#8221;all&#8221; show_author=&#8221;off&#8221; show_comments=&#8221;on&#8221; module_class=&#8221;vivienpro_listblog&#8221; _builder_version=&#8221;4.24.2&#8243; _module_preset=&#8221;default&#8221; header_font_size=&#8221;24px&#8221; header_line_height=&#8221;1.2em&#8221; body_text_align=&#8221;justify&#8221; meta_font=&#8221;|||on|||||&#8221; meta_font_size=&#8221;11px&#8221; meta_letter_spacing=&#8221;2px&#8221; read_more_font_size=&#8221;12px&#8221; global_colors_info=&#8221;{}&#8221;][\/et_pb_blog][\/et_pb_column][et_pb_column type=&#8221;1_4&#8243; _builder_version=&#8221;4.16&#8243; _module_preset=&#8221;default&#8221; global_colors_info=&#8221;{}&#8221;][et_pb_blurb image=&#8221;https:\/\/aurellephotography.com\/wp-content\/uploads\/2026\/02\/rt.jpg&#8221; module_class=&#8221;vivienpro_light_background&#8221; _builder_version=&#8221;4.24.2&#8243; _module_preset=&#8221;default&#8221; header_level=&#8221;h3&#8243; header_font=&#8221;||on||||||&#8221; header_text_align=&#8221;center&#8221; header_font_size=&#8221;20px&#8221; header_line_height=&#8221;1.2em&#8221; body_text_align=&#8221;center&#8221; background_color=&#8221;#f2efea&#8221; custom_margin=&#8221;||0px||false|false&#8221; custom_padding=&#8221;30px|30px|30px|30px|true|true&#8221; animation=&#8221;off&#8221; hover_enabled=&#8221;0&#8243; global_colors_info=&#8221;{}&#8221; sticky_enabled=&#8221;0&#8243; title_text=&#8221;rt&#8221;]<\/p>\n<p><span>Cet espace est une invitation \u00e0 d\u00e9couvrir les coulisses de mon m\u00e9tier, mes exp\u00e9riences de terrain et des inspirations choisies pour vous accompagner dans l\u2019\u00e9laboration d\u2019images authentiques et raffin\u00e9es.<\/span><\/p>\n<p>[\/et_pb_blurb][et_pb_social_media_follow icon_color=&#8221;#000000&#8243; use_icon_font_size=&#8221;on&#8221; icon_font_size=&#8221;14px&#8221; module_class=&#8221;vivienpro_light_background&#8221; _builder_version=&#8221;4.24.2&#8243; _module_preset=&#8221;default&#8221; background_color=&#8221;#f2efea&#8221; text_orientation=&#8221;center&#8221; custom_margin=&#8221;0px||40px||false|false&#8221; custom_padding=&#8221;0px||30px||false|false&#8221; hover_enabled=&#8221;0&#8243; global_colors_info=&#8221;{}&#8221; sticky_enabled=&#8221;0&#8243;][et_pb_social_media_follow_network social_network=&#8221;instagram&#8221; url=&#8221;https:\/\/www.instagram.com\/aurelle.photo\/&#8221; _builder_version=&#8221;4.24.2&#8243; _module_preset=&#8221;default&#8221; background_enable_color=&#8221;off&#8221; global_colors_info=&#8221;{}&#8221; follow_button=&#8221;off&#8221; url_new_window=&#8221;on&#8221;]instagram[\/et_pb_social_media_follow_network][et_pb_social_media_follow_network social_network=&#8221;tiktok&#8221; url=&#8221;https:\/\/www.tiktok.com\/@aurellephoto&#8221; _builder_version=&#8221;4.24.2&#8243; _module_preset=&#8221;default&#8221; background_color=&#8221;RGBA(255,255,255,0)&#8221; background_enable_color=&#8221;on&#8221; global_colors_info=&#8221;{}&#8221; follow_button=&#8221;off&#8221; url_new_window=&#8221;on&#8221;]tiktok[\/et_pb_social_media_follow_network][\/et_pb_social_media_follow][\/et_pb_column][\/et_pb_row][\/et_pb_section]<\/p>\n","protected":false},"excerpt":{"rendered":"<p>This space is an invitation to step behind the scenes of my work, to explore my on-site experiences and a curated selection of inspirations designed to guide you in creating images that are both authentic and refined.<\/p>","protected":false},"author":1,"featured_media":0,"parent":0,"menu_order":0,"comment_status":"closed","ping_status":"closed","template":"","meta":{"nf_dc_page":"","_et_pb_use_builder":"on","_et_pb_old_content":"","_et_gb_content_width":"","footnotes":""},"class_list":["post-223978","page","type-page","status-publish","hentry"],"aioseo_notices":[],"_links":{"self":[{"href":"https:\/\/aurellephotography.com\/en\/wp-json\/wp\/v2\/pages\/223978","targetHints":{"allow":["GET"]}}],"collection":[{"href":"https:\/\/aurellephotography.com\/en\/wp-json\/wp\/v2\/pages"}],"about":[{"href":"https:\/\/aurellephotography.com\/en\/wp-json\/wp\/v2\/types\/page"}],"author":[{"embeddable":true,"href":"https:\/\/aurellephotography.com\/en\/wp-json\/wp\/v2\/users\/1"}],"replies":[{"embeddable":true,"href":"https:\/\/aurellephotography.com\/en\/wp-json\/wp\/v2\/comments?post=223978"}],"version-history":[{"count":13,"href":"https:\/\/aurellephotography.com\/en\/wp-json\/wp\/v2\/pages\/223978\/revisions"}],"predecessor-version":[{"id":230933,"href":"https:\/\/aurellephotography.com\/en\/wp-json\/wp\/v2\/pages\/223978\/revisions\/230933"}],"wp:attachment":[{"href":"https:\/\/aurellephotography.com\/en\/wp-json\/wp\/v2\/media?parent=223978"}],"curies":[{"name":"wp","href":"https:\/\/api.w.org\/{rel}","templated":true}]}}