{"id":226031,"date":"2021-05-07T08:37:21","date_gmt":"2021-05-07T08:37:21","guid":{"rendered":"https:\/\/demosdivi.lovelyconfetti.com\/vivienpro\/?page_id=226031"},"modified":"2026-02-19T15:18:04","modified_gmt":"2026-02-19T15:18:04","slug":"a-propos","status":"publish","type":"page","link":"https:\/\/aurellephotography.com\/en\/a-propos\/","title":{"rendered":"ABOUT ME"},"content":{"rendered":"<p>[et_pb_section fb_built=&#8221;1&#8243; make_equal=&#8221;on&#8221; use_custom_gutter=&#8221;on&#8221; gutter_width=&#8221;1&#8243; specialty=&#8221;on&#8221; padding_top_bottom_link_1=&#8221;false&#8221; padding_left_right_link_1=&#8221;false&#8221; custom_css_main_1=&#8221;display: flex;||flex-direction: column;||justify-content: center;||&#8221; custom_css_main_2=&#8221;display: flex;||flex-direction: column;||justify-content: center;&#8221; _builder_version=&#8221;4.16&#8243; _module_preset=&#8221;default&#8221; custom_padding=&#8221;0vw||0vw||true|false&#8221; global_colors_info=&#8221;{}&#8221;][et_pb_column type=&#8221;1_2&#8243; _builder_version=&#8221;4.16&#8243; custom_padding=&#8221;|||&#8221; global_colors_info=&#8221;{}&#8221; custom_padding__hover=&#8221;|||&#8221;][et_pb_image _builder_version=&#8221;4.16&#8243; _module_preset=&#8221;default&#8221; global_colors_info=&#8221;{}&#8221;][\/et_pb_image][et_pb_image src=&#8221;https:\/\/aurellephotography.com\/wp-content\/uploads\/2025\/12\/IMG_2606-min.webp&#8221; alt=&#8221;Aurelle Arber, photographe de mariage \u00e0 Paris, en ext\u00e9rieur avec appareil photo portrait professionnel&#8221; title_text=&#8221;Photographe de mariage \u00e0 Paris \u2013 Aurelle Arber&#8221; _builder_version=&#8221;4.24.2&#8243; _module_preset=&#8221;default&#8221; custom_margin=&#8221;|50px|||false|false&#8221; custom_margin_tablet=&#8221;|0px|||false|false&#8221; custom_margin_phone=&#8221;&#8221; custom_margin_last_edited=&#8221;on|tablet&#8221; global_colors_info=&#8221;{}&#8221;][\/et_pb_image][\/et_pb_column][et_pb_column type=&#8221;1_2&#8243; specialty_columns=&#8221;2&#8243; _builder_version=&#8221;4.16&#8243; custom_padding=&#8221;|||&#8221; global_colors_info=&#8221;{}&#8221; custom_padding__hover=&#8221;|||&#8221;][et_pb_row_inner _builder_version=&#8221;4.16&#8243; _module_preset=&#8221;default&#8221; custom_padding=&#8221;||7px|||&#8221; custom_css_main_element=&#8221;display: flex;||flex-direction: column;||justify-content: center;&#8221; global_colors_info=&#8221;{}&#8221;][et_pb_column_inner saved_specialty_column_type=&#8221;1_2&#8243; _builder_version=&#8221;4.16&#8243; _module_preset=&#8221;default&#8221; global_colors_info=&#8221;{}&#8221;][et_pb_text _builder_version=&#8221;4.24.2&#8243; _module_preset=&#8221;default&#8221; text_text_color=&#8221;#9d8a46&#8243; text_font_size=&#8221;12px&#8221; text_letter_spacing=&#8221;2px&#8221; text_line_height=&#8221;2.4em&#8221; header_2_text_align=&#8221;left&#8221; header_2_line_height=&#8221;1.2em&#8221; custom_margin=&#8221;||0px||false|false&#8221; custom_padding=&#8221;||0px||false|false&#8221; header_2_font_size_tablet=&#8221;&#8221; header_2_font_size_phone=&#8221;22px&#8221; header_2_font_size_last_edited=&#8221;on|phone&#8221; text_orientation_tablet=&#8221;&#8221; text_orientation_phone=&#8221;&#8221; text_orientation_last_edited=&#8221;on|tablet&#8221; global_colors_info=&#8221;{}&#8221;]<\/p>\n<p><strong>A PROPOS DE MOI<\/strong><\/p>\n<h2>AURELLE ARBER, <em>photographe<\/em><em><\/em><\/h2>\n<p>[\/et_pb_text][\/et_pb_column_inner][\/et_pb_row_inner][et_pb_row_inner _builder_version=&#8221;4.16&#8243; _module_preset=&#8221;default&#8221; custom_margin=&#8221;||||false|false&#8221; custom_padding=&#8221;0px||||false|false&#8221; border_width_left=&#8221;1px&#8221; border_width_left_tablet=&#8221;0px&#8221; border_width_left_phone=&#8221;&#8221; border_width_left_last_edited=&#8221;on|tablet&#8221; global_colors_info=&#8221;{}&#8221;][et_pb_column_inner saved_specialty_column_type=&#8221;1_2&#8243; _builder_version=&#8221;4.16&#8243; _module_preset=&#8221;default&#8221; global_colors_info=&#8221;{}&#8221;][et_pb_text _builder_version=&#8221;4.24.2&#8243; _module_preset=&#8221;default&#8221; text_line_height=&#8221;2.3em&#8221; header_2_line_height=&#8221;1.3em&#8221; text_orientation=&#8221;justified&#8221; custom_padding=&#8221;0px|||40px|false|false&#8221; custom_padding_tablet=&#8221;|||0px|false|false&#8221; custom_padding_phone=&#8221;&#8221; custom_padding_last_edited=&#8221;on|tablet&#8221; global_colors_info=&#8221;{}&#8221;]<\/p>\n<p data-start=\"1286\" data-end=\"1355\">Je crois profond\u00e9ment au pouvoir des images.<\/p>\n<p data-start=\"1357\" data-end=\"1576\">Petite, je passais des heures avec la cam\u00e9ra de mon p\u00e8re, \u00e0 explorer le monde \u00e0 travers un objectif. Je ne savais pas encore que cela deviendrait mon m\u00e9tier, mais je savais d\u00e9j\u00e0 que j\u2019aimais observer, capter, ressentir.<\/p>\n<p data-start=\"1578\" data-end=\"1908\">Plus tard, mes \u00e9tudes en marketing et communication m\u2019ont appris \u00e0 construire des r\u00e9cits, \u00e0 comprendre ce qui touche, ce qui marque, ce qui reste. Mes premi\u00e8res exp\u00e9riences professionnelles dans la tech ont affin\u00e9 cette vision : une image n\u2019est jamais seulement esth\u00e9tique, elle transmet une \u00e9motion, une promesse, une projection.<\/p>\n<p data-start=\"1910\" data-end=\"2113\">Voyager, d\u00e9couvrir d\u2019autres cultures, m\u2019immerger dans des environnements nouveaux continue aujourd\u2019hui d\u2019enrichir mon regard. Chaque mariage est pour moi une rencontre, une histoire singuli\u00e8re \u00e0 honorer.<\/p>\n<p>[\/et_pb_text][\/et_pb_column_inner][\/et_pb_row_inner][\/et_pb_column][\/et_pb_section][et_pb_section fb_built=&#8221;1&#8243; fullwidth=&#8221;on&#8221; _builder_version=&#8221;4.24.2&#8243; _module_preset=&#8221;default&#8221; global_colors_info=&#8221;{}&#8221;][et_pb_fullwidth_image src=&#8221;https:\/\/aurellephotography.com\/wp-content\/uploads\/2026\/02\/other2.jpg&#8221; title_text=&#8221;Mariage au Ch\u00e2teau de Grosbois&#8221; _builder_version=&#8221;4.24.2&#8243; _module_preset=&#8221;default&#8221; hover_enabled=&#8221;0&#8243; global_colors_info=&#8221;{}&#8221; alt=&#8221;Couple de mari\u00e9s face \u00e0 face devant le Ch\u00e2teau de Grosbois, photo artistique avec arri\u00e8re-plan net et couple en mouvement&#8221; sticky_enabled=&#8221;0&#8243;][\/et_pb_fullwidth_image][\/et_pb_section][et_pb_section fb_built=&#8221;1&#8243; _builder_version=&#8221;4.16&#8243; _module_preset=&#8221;default&#8221; background_color=&#8221;RGBA(0,0,0,0)&#8221; custom_margin_tablet=&#8221;0px||||false|false&#8221; custom_margin_phone=&#8221;&#8221; custom_margin_last_edited=&#8221;on|tablet&#8221; custom_padding=&#8221;0px||0px||false|false&#8221; global_colors_info=&#8221;{}&#8221;][et_pb_row _builder_version=&#8221;4.24.2&#8243; _module_preset=&#8221;default&#8221; custom_padding=&#8221;||0px|||&#8221; global_colors_info=&#8221;{}&#8221;][et_pb_column type=&#8221;4_4&#8243; _builder_version=&#8221;4.24.2&#8243; _module_preset=&#8221;default&#8221; global_colors_info=&#8221;{}&#8221;][et_pb_text _builder_version=&#8221;4.24.2&#8243; _module_preset=&#8221;default&#8221; text_text_color=&#8221;#9d8a46&#8243; text_font_size=&#8221;12px&#8221; text_letter_spacing=&#8221;2px&#8221; header_font_size=&#8221;28px&#8221; custom_margin=&#8221;||||false|false&#8221; custom_margin_tablet=&#8221;25px||||false|false&#8221; custom_margin_phone=&#8221;&#8221; custom_margin_last_edited=&#8221;on|tablet&#8221; custom_padding=&#8221;0px||0px||false|false&#8221; header_2_font_size_tablet=&#8221;&#8221; header_2_font_size_phone=&#8221;&#8221; header_2_font_size_last_edited=&#8221;on|tablet&#8221; global_colors_info=&#8221;{}&#8221;]<\/p>\n<h2><span style=\"vertical-align: inherit;\"><span style=\"vertical-align: inherit;\" class=\"\">DEROULEMENT DE L&#8217;EXPERIENCE<\/span><\/span><em><br \/><\/em><\/h2>\n<p>[\/et_pb_text][et_pb_divider _builder_version=&#8221;4.16&#8243; _module_preset=&#8221;default&#8221; custom_margin=&#8221;||0px||false|false&#8221; custom_padding=&#8221;||0px||false|false&#8221; global_colors_info=&#8221;{}&#8221;][\/et_pb_divider][et_pb_text _builder_version=&#8221;4.24.2&#8243; _module_preset=&#8221;default&#8221; text_line_height=&#8221;2.2em&#8221; text_orientation=&#8221;justified&#8221; custom_margin=&#8221;|5%|||false|false&#8221; custom_margin_tablet=&#8221;|0%|||false|false&#8221; custom_margin_phone=&#8221;&#8221; custom_margin_last_edited=&#8221;on|tablet&#8221; global_colors_info=&#8221;{}&#8221;]<\/p>\n<p data-start=\"2200\" data-end=\"2217\" style=\"text-align: left;\">Mon intention est de cr\u00e9er des images qui traversent le temps. Des images qui vous permettent non seulement de vous souvenir, mais de ressentir \u00e0 nouveau. Des images que vous transmettrez un jour, comme un h\u00e9ritage pr\u00e9cieux. Votre mariage comptera profond\u00e9ment pour moi, parce que je sais \u00e0 quel point il compte pour vous.<\/p>\n<p>[\/et_pb_text][\/et_pb_column][\/et_pb_row][et_pb_row column_structure=&#8221;1_6,1_6,1_6,1_6,1_6,1_6&#8243; _builder_version=&#8221;4.24.2&#8243; _module_preset=&#8221;default&#8221; global_colors_info=&#8221;{}&#8221;][et_pb_column type=&#8221;1_6&#8243; _builder_version=&#8221;4.24.2&#8243; _module_preset=&#8221;default&#8221; global_colors_info=&#8221;{}&#8221;][et_pb_text _builder_version=&#8221;4.24.2&#8243; _module_preset=&#8221;default&#8221; text_line_height=&#8221;2.2em&#8221; text_orientation=&#8221;justified&#8221; custom_margin=&#8221;|5%|||false|false&#8221; custom_margin_tablet=&#8221;|0%|||false|false&#8221; custom_margin_phone=&#8221;&#8221; custom_margin_last_edited=&#8221;on|tablet&#8221; global_colors_info=&#8221;{}&#8221;]<\/p>\n<h4 data-start=\"2560\" data-end=\"2586\" style=\"text-align: left;\">1. Prise de contact<\/h4>\n<p data-start=\"2588\" data-end=\"2787\" style=\"text-align: left;\">Votre message n\u2019est pas qu\u2019une simple demande de disponibilit\u00e9.<br data-start=\"2651\" data-end=\"2654\" \/>C\u2019est le d\u00e9but d\u2019un dialogue pour savoir si nous partageons la m\u00eame sensibilit\u00e9, la m\u00eame vision, la m\u00eame mani\u00e8re de vivre les choses.<\/p>\n<p>[\/et_pb_text][\/et_pb_column][et_pb_column type=&#8221;1_6&#8243; _builder_version=&#8221;4.24.2&#8243; _module_preset=&#8221;default&#8221; global_colors_info=&#8221;{}&#8221;][et_pb_text _builder_version=&#8221;4.24.2&#8243; _module_preset=&#8221;default&#8221; text_line_height=&#8221;2.2em&#8221; text_orientation=&#8221;justified&#8221; custom_margin=&#8221;|5%|||false|false&#8221; custom_margin_tablet=&#8221;|0%|||false|false&#8221; custom_margin_phone=&#8221;&#8221; custom_margin_last_edited=&#8221;on|tablet&#8221; global_colors_info=&#8221;{}&#8221;]<\/p>\n<h4 data-start=\"2560\" data-end=\"2586\" style=\"text-align: left;\">2. La rencontre<\/h4>\n<p data-start=\"2588\" data-end=\"2787\" style=\"text-align: left;\">Si votre date est disponible, nous planifions un \u00e9change pour parler de vos envies, de vos priorit\u00e9s et de ce qui rend votre histoire unique. J\u2019accorde une attention particuli\u00e8re \u00e0 ce que vous souhaitez ressentir, bien au-del\u00e0 de ce que vous souhaitez voir.<\/p>\n<p>[\/et_pb_text][\/et_pb_column][et_pb_column type=&#8221;1_6&#8243; _builder_version=&#8221;4.24.2&#8243; _module_preset=&#8221;default&#8221; global_colors_info=&#8221;{}&#8221;][et_pb_text _builder_version=&#8221;4.24.2&#8243; _module_preset=&#8221;default&#8221; text_line_height=&#8221;2.2em&#8221; text_orientation=&#8221;justified&#8221; custom_margin=&#8221;|5%|||false|false&#8221; custom_margin_tablet=&#8221;|0%|||false|false&#8221; custom_margin_phone=&#8221;&#8221; custom_margin_last_edited=&#8221;on|tablet&#8221; global_colors_info=&#8221;{}&#8221;]<\/p>\n<h4 data-start=\"2560\" data-end=\"2586\" style=\"text-align: left;\">3. La r\u00e9servation<\/h4>\n<p data-start=\"3114\" data-end=\"3357\" style=\"text-align: left;\">Une fois votre date confirm\u00e9e, je m\u2019investis pleinement cr\u00e9ativement, humainement et logistiquement. Nous pr\u00e9parons ensemble les grandes lignes du reportage afin que le jour J soit fluide et ma\u00eetris\u00e9.<\/p>\n<p>[\/et_pb_text][\/et_pb_column][et_pb_column type=&#8221;1_6&#8243; _builder_version=&#8221;4.24.2&#8243; _module_preset=&#8221;default&#8221; global_colors_info=&#8221;{}&#8221;][et_pb_text _builder_version=&#8221;4.24.2&#8243; _module_preset=&#8221;default&#8221; text_line_height=&#8221;2.2em&#8221; text_orientation=&#8221;justified&#8221; custom_margin=&#8221;|5%|||false|false&#8221; custom_margin_tablet=&#8221;|0%|||false|false&#8221; custom_margin_phone=&#8221;&#8221; custom_margin_last_edited=&#8221;on|tablet&#8221; global_colors_info=&#8221;{}&#8221;]<\/p>\n<h4 data-start=\"2560\" data-end=\"2586\" style=\"text-align: left;\">4. Le Jour J<\/h4>\n<p data-start=\"3386\" data-end=\"3432\" style=\"text-align: left;\">Le moment venu, vous vivez. Je photographie. Gr\u00e2ce \u00e0 la pr\u00e9paration en amont, je peux me consacrer enti\u00e8rement \u00e0 capter l\u2019\u00e9motion, l\u2019\u00e9l\u00e9gance et l\u2019\u00e9nergie de votre projet.<\/p>\n<p>[\/et_pb_text][\/et_pb_column][et_pb_column type=&#8221;1_6&#8243; _builder_version=&#8221;4.24.2&#8243; _module_preset=&#8221;default&#8221; global_colors_info=&#8221;{}&#8221;][et_pb_text _builder_version=&#8221;4.24.2&#8243; _module_preset=&#8221;default&#8221; text_line_height=&#8221;2.2em&#8221; text_orientation=&#8221;justified&#8221; custom_margin=&#8221;|5%|||false|false&#8221; custom_margin_tablet=&#8221;|0%|||false|false&#8221; custom_margin_phone=&#8221;&#8221; custom_margin_last_edited=&#8221;on|tablet&#8221; global_colors_info=&#8221;{}&#8221;]<\/p>\n<h4 data-start=\"2560\" data-end=\"2586\" style=\"text-align: left;\">5. La livraison<\/h4>\n<p data-start=\"3386\" data-end=\"3432\" style=\"text-align: left;\">Vos images sont s\u00e9lectionn\u00e9es et retouch\u00e9es avec soin. Votre galerie priv\u00e9e vous est ensuite d\u00e9voil\u00e9e soit un ensemble coh\u00e9rent, pens\u00e9 comme un r\u00e9cit.<\/p>\n<p>[\/et_pb_text][\/et_pb_column][et_pb_column type=&#8221;1_6&#8243; _builder_version=&#8221;4.24.2&#8243; _module_preset=&#8221;default&#8221; global_colors_info=&#8221;{}&#8221;][et_pb_image src=&#8221;https:\/\/aurellephotography.com\/wp-content\/uploads\/2025\/02\/IMG_8365-scaled.jpg&#8221; alt=&#8221;Flatlay accessoires de mariage avec bouquet, talons et coffret d&#8217;alliances&#8221; title_text=&#8221;Pr\u00e9paration accessoires photo de d\u00e9tail&#8221; _builder_version=&#8221;4.24.2&#8243; _module_preset=&#8221;default&#8221; global_colors_info=&#8221;{}&#8221;][\/et_pb_image][\/et_pb_column][\/et_pb_row][\/et_pb_section]<\/p>\n","protected":false},"excerpt":{"rendered":"<p>A PROPOS DE MOI AURELLE ARBER, photographeJe crois profond\u00e9ment au pouvoir des images. Petite, je passais des heures avec la cam\u00e9ra de mon p\u00e8re, \u00e0 explorer le monde \u00e0 travers un objectif. Je ne savais pas encore que cela deviendrait mon m\u00e9tier, mais je savais d\u00e9j\u00e0 que j\u2019aimais observer, capter, ressentir. Plus tard, mes \u00e9tudes [&hellip;]<\/p>\n","protected":false},"author":1,"featured_media":0,"parent":0,"menu_order":0,"comment_status":"closed","ping_status":"closed","template":"","meta":{"nf_dc_page":"","_et_pb_use_builder":"on","_et_pb_old_content":"","_et_gb_content_width":"","footnotes":""},"class_list":["post-226031","page","type-page","status-publish","hentry"],"aioseo_notices":[],"_links":{"self":[{"href":"https:\/\/aurellephotography.com\/en\/wp-json\/wp\/v2\/pages\/226031","targetHints":{"allow":["GET"]}}],"collection":[{"href":"https:\/\/aurellephotography.com\/en\/wp-json\/wp\/v2\/pages"}],"about":[{"href":"https:\/\/aurellephotography.com\/en\/wp-json\/wp\/v2\/types\/page"}],"author":[{"embeddable":true,"href":"https:\/\/aurellephotography.com\/en\/wp-json\/wp\/v2\/users\/1"}],"replies":[{"embeddable":true,"href":"https:\/\/aurellephotography.com\/en\/wp-json\/wp\/v2\/comments?post=226031"}],"version-history":[{"count":20,"href":"https:\/\/aurellephotography.com\/en\/wp-json\/wp\/v2\/pages\/226031\/revisions"}],"predecessor-version":[{"id":230931,"href":"https:\/\/aurellephotography.com\/en\/wp-json\/wp\/v2\/pages\/226031\/revisions\/230931"}],"wp:attachment":[{"href":"https:\/\/aurellephotography.com\/en\/wp-json\/wp\/v2\/media?parent=226031"}],"curies":[{"name":"wp","href":"https:\/\/api.w.org\/{rel}","templated":true}]}}